{"id":2,"date":"2025-06-12T16:28:40","date_gmt":"2025-06-12T16:28:40","guid":{"rendered":"http:\/\/box2381\/cgi\/addon_GT.cgi?s=GT::WP::Install::Cpanel+%28paradosn%29+-+127.0.0.1+%5Bnocaller%5D\/?page_id=2"},"modified":"2025-09-29T17:38:50","modified_gmt":"2025-09-29T17:38:50","slug":"traducoes-naati","status":"publish","type":"page","link":"https:\/\/helenabarbosa.com\/en\/traducoes-naati\/","title":{"rendered":"NAATI Translations"},"content":{"rendered":"<h2 class=\"wp-block-heading has-h-3-font-size\"><strong>O que s\u00e3o Tradu\u00e7\u00f5es com Certifica\u00e7\u00e3o NAATI?<\/strong><\/h2>\n\n\n\n<p class=\"\">As tradu\u00e7\u00f5es com certifica\u00e7\u00e3o NAATI s\u00e3o realizadas por tradutores credenciados pela NAATI (National Accreditation Authority for Translators and Interpreters), o \u00f3rg\u00e3o oficial da Austr\u00e1lia respons\u00e1vel por regulamentar e certificar profissionais da tradu\u00e7\u00e3o e interpreta\u00e7\u00e3o.<\/p>\n\n\n\n<p class=\"\">Esse tipo de tradu\u00e7\u00e3o \u00e9 reconhecido oficialmente pelo governo australiano e \u00e9 exigido em diversos processos formais, especialmente em:<\/p>\n\n\n\n<ul class=\"wp-block-list\">\n<li class=\"\">Solicita\u00e7\u00f5es de vistos e cidadania<\/li>\n\n\n\n<li class=\"\">Aplica\u00e7\u00f5es para universidades e escolas<\/li>\n\n\n\n<li class=\"\">Processos de valida\u00e7\u00e3o profissional<\/li>\n\n\n\n<li class=\"\">Apresenta\u00e7\u00e3o de documentos junto a departamentos governamentais e autoridades locais<\/li>\n<\/ul>\n\n\n\n<p class=\"\">Entre os documentos mais comuns que requerem tradu\u00e7\u00e3o NAATI est\u00e3o:<\/p>\n\n\n\n<ul class=\"wp-block-list\">\n<li class=\"\">CNH (Carteira Nacional de Habilita\u00e7\u00e3o)<\/li>\n\n\n\n<li class=\"\">Antecedentes criminais<\/li>\n\n\n\n<li class=\"\">Certid\u00f5es de nascimento, casamento e div\u00f3rcio<\/li>\n\n\n\n<li class=\"\">Comprovantes de renda e banc\u00e1rios<\/li>\n\n\n\n<li class=\"\">Diplomas e hist\u00f3ricos escolares<\/li>\n\n\n\n<li class=\"\">Declara\u00e7\u00f5es e formul\u00e1rios oficiais<\/li>\n\n\n\n<li class=\"\">Contratos e escrituras p\u00fablicas<\/li>\n<\/ul>\n\n\n\n<h2 class=\"wp-block-heading has-h-3-font-size\"><strong>Onde s\u00e3o aceitas?<\/strong><\/h2>\n\n\n\n<p class=\"\">As tradu\u00e7\u00f5es certificadas NAATI s\u00e3o amplamente aceitas em toda a Austr\u00e1lia, por \u00f3rg\u00e3os como o Departamento de Imigra\u00e7\u00e3o, universidades, servi\u00e7os de sa\u00fade, autoridades estaduais, entre outros. Embora a certifica\u00e7\u00e3o NAATI seja um padr\u00e3o australiano, em alguns casos tamb\u00e9m \u00e9 bem recebida por autoridades na Nova Zel\u00e2ndia e por pa\u00edses membros do Commonwealth.<\/p>\n\n\n\n<h2 class=\"wp-block-heading has-h-3-font-size\"><strong>Por que escolher uma tradu\u00e7\u00e3o NAATI?<\/strong><\/h2>\n\n\n\n<p class=\"\">Al\u00e9m da validade legal, as tradu\u00e7\u00f5es NAATI oferecem garantia de qualidade, fidelidade ao original e confian\u00e7a por parte das institui\u00e7\u00f5es que analisam seus documentos. \u00c9 a forma mais segura e recomendada de apresentar documentos oficiais traduzidos no processo de mudan\u00e7a ou adapta\u00e7\u00e3o \u00e0 vida na Austr\u00e1lia.<\/p>\n\n\n\n<div class=\"wp-block-buttons is-layout-flex wp-block-buttons-is-layout-flex\">\n<div class=\"wp-block-button\"><a class=\"wp-block-button__link has-custom-red-hb-background-color has-background wp-element-button\" href=\"\/en\/#contact\">Solicite um or\u00e7amento.<\/a><\/div>\n<\/div>\n\n\n\n<hr class=\"is-style-default wp-block-separator has-text-color has-custom-green-hb-light-color has-alpha-channel-opacity has-custom-green-hb-light-background-color has-background\" style=\"margin-top:var(--wp--preset--spacing--spacing-40);margin-bottom:var(--wp--preset--spacing--spacing-40)\"\/>\n\n\n\n<h3 class=\"wp-block-heading has-h-4-font-size\">Verifique minha credencial NAATI<\/h3>\n\n\n\n<p class=\"\">N\u00famero: <strong>CPN2VU01M<\/strong><\/p>\n\n\n\n<p class=\"\">Access<a href=\"https:\/\/www.naati.com.au\"> naati.com.au<\/a> e use a ferramenta \u201cVerify Credential\u201d.<\/p>\n\n\n\n<figure class=\"wp-block-image size-large\"><img decoding=\"async\" width=\"2442\" height=\"1768\" loading=\"lazy\" src=\"https:\/\/i0.wp.com\/helenabarbosa.com\/wp-content\/uploads\/2025\/09\/helena-certified.png?fit=1024%2C741&amp;ssl=1\" alt=\"\" class=\"wp-image-391\" srcset=\"https:\/\/i0.wp.com\/helenabarbosa.com\/wp-content\/uploads\/2025\/09\/helena-certified.png?w=2442&amp;ssl=1 2442w, https:\/\/i0.wp.com\/helenabarbosa.com\/wp-content\/uploads\/2025\/09\/helena-certified.png?resize=300%2C217&amp;ssl=1 300w, https:\/\/i0.wp.com\/helenabarbosa.com\/wp-content\/uploads\/2025\/09\/helena-certified.png?resize=1024%2C741&amp;ssl=1 1024w, https:\/\/i0.wp.com\/helenabarbosa.com\/wp-content\/uploads\/2025\/09\/helena-certified.png?resize=768%2C556&amp;ssl=1 768w, https:\/\/i0.wp.com\/helenabarbosa.com\/wp-content\/uploads\/2025\/09\/helena-certified.png?resize=1536%2C1112&amp;ssl=1 1536w, https:\/\/i0.wp.com\/helenabarbosa.com\/wp-content\/uploads\/2025\/09\/helena-certified.png?resize=2048%2C1483&amp;ssl=1 2048w\" sizes=\"auto, (max-width: 1000px) 100vw, 1000px\" \/><\/figure>","protected":false},"excerpt":{"rendered":"<p>O que s\u00e3o Tradu\u00e7\u00f5es com Certifica\u00e7\u00e3o NAATI? As tradu\u00e7\u00f5es com certifica\u00e7\u00e3o NAATI s\u00e3o realizadas por tradutores credenciados pela NAATI (National Accreditation Authority for Translators and Interpreters), o \u00f3rg\u00e3o oficial da Austr\u00e1lia respons\u00e1vel por regulamentar e certificar profissionais da tradu\u00e7\u00e3o e interpreta\u00e7\u00e3o. Esse tipo de tradu\u00e7\u00e3o \u00e9 reconhecido oficialmente pelo governo australiano e \u00e9 exigido em [&hellip;]<\/p>\n","protected":false},"author":1,"featured_media":0,"parent":0,"menu_order":0,"comment_status":"closed","ping_status":"closed","template":"","meta":{"nf_dc_page":"","_frontis_meta_header_display":false,"_frontis_meta_footer_display":false,"_frontis_meta_site_title_display":false,"_frontis_meta_sticky_header":false,"_frontis_meta_transparent_header":false,"_frontis_meta_lazy_load":false,"_frontis_meta_transparent_bg_color":"","_frontis_meta_sticky_bg_color":"","footnotes":""},"class_list":["post-2","page","type-page","status-publish","hentry"],"jetpack_sharing_enabled":true,"_links":{"self":[{"href":"https:\/\/helenabarbosa.com\/en\/wp-json\/wp\/v2\/pages\/2","targetHints":{"allow":["GET"]}}],"collection":[{"href":"https:\/\/helenabarbosa.com\/en\/wp-json\/wp\/v2\/pages"}],"about":[{"href":"https:\/\/helenabarbosa.com\/en\/wp-json\/wp\/v2\/types\/page"}],"author":[{"embeddable":true,"href":"https:\/\/helenabarbosa.com\/en\/wp-json\/wp\/v2\/users\/1"}],"replies":[{"embeddable":true,"href":"https:\/\/helenabarbosa.com\/en\/wp-json\/wp\/v2\/comments?post=2"}],"version-history":[{"count":6,"href":"https:\/\/helenabarbosa.com\/en\/wp-json\/wp\/v2\/pages\/2\/revisions"}],"predecessor-version":[{"id":395,"href":"https:\/\/helenabarbosa.com\/en\/wp-json\/wp\/v2\/pages\/2\/revisions\/395"}],"wp:attachment":[{"href":"https:\/\/helenabarbosa.com\/en\/wp-json\/wp\/v2\/media?parent=2"}],"curies":[{"name":"wp","href":"https:\/\/api.w.org\/{rel}","templated":true}]}}